{"id":1876,"date":"2016-11-08T15:58:03","date_gmt":"2016-11-08T14:58:03","guid":{"rendered":"https:\/\/peakpowder.com\/alps-climbing-mountaineering\/alpinisme-alpes-alpinisme-rocheuses\/"},"modified":"2026-01-02T19:26:18","modified_gmt":"2026-01-02T18:26:18","slug":"alpinisme-alpes-alpinisme-rocheuses","status":"publish","type":"page","link":"https:\/\/peakpowder.com\/en\/alps-climbing-mountaineering\/alpinisme-alpes-alpinisme-rocheuses\/","title":{"rendered":"Trekking &#038; Mountaineering"},"content":{"rendered":"<div class=\"fusion-fullwidth fullwidth-box fusion-builder-row-1 hundred-percent-fullwidth non-hundred-percent-height-scrolling\" style=\"--awb-border-radius-top-left:0px;--awb-border-radius-top-right:0px;--awb-border-radius-bottom-right:0px;--awb-border-radius-bottom-left:0px;--awb-overflow:visible;--awb-flex-wrap:wrap;\" ><div class=\"fusion-builder-row fusion-row\"><div class=\"fusion-layout-column fusion_builder_column fusion-builder-column-0 fusion_builder_column_2_3 2_3 fusion-two-third fusion-column-first\" style=\"--awb-bg-size:cover;width:65.3333%; margin-right: 4%;\"><div class=\"fusion-column-wrapper fusion-flex-column-wrapper-legacy\"><div class=\"fusion-title title fusion-title-1 fusion-sep-none fusion-title-text fusion-title-size-two\"><h2 class=\"fusion-title-heading title-heading-left\" style=\"margin:0;\">Trekking Bivouac in the Alps<\/h2><\/div><div class=\"fusion-text fusion-text-1\"><p><strong>Aiguilles Rouges mountain range traverse<\/strong><\/p>\n<p>Explore the beautiful natural reserve of the Aiguilles Rouges mountain range.<\/p>\n<p>D1: Starting from the historical village of Le Tour, we trek to the summit of  Aiguillette des Posettes,  then climb down to the village of Vallorcine. Overnight at the  R\u00e9sidence &amp; Spa du Mont Blanc*****.<\/p>\n<p>D2: Trekking through the hamlet of Les Granges to reach the B\u00e9rard valley with its beautiful mountain flora and fauna. We hike over the Salenton pass to reach our bivouac location for a unique overnight experience in the alpine pastures of  Salenton. The bivouac is set-up with the helps of porters.<\/p>\n<p>D3: We continue our trek with the climb of the Br\u00e9vent pass, using the Arlev\u00e9 bridge, to finally reach Chamonix via hiking trails that offer a spectacular view of the whole Mont Blanc mountain range.<\/p>\n<p>This get-away offers a true change of scenery and a taste of adventure!<\/p>\n<ul>\n<li>Trekking on exposed trails, rocky and technical terrain &#8211; geared to confident trekkers<\/li>\n<li>800m -1000m positive uphill per day, 6-8 hours of hiking<\/li>\n<li>Guided by a professionally qualified IFMGA high mountain guide, fluent in French and English<\/li>\n<\/ul>\n<\/div><div class=\"fusion-button-wrapper\"><a class=\"fusion-button button-flat fusion-button-default-size button-default fusion-button-default button-1 fusion-button-default-span fusion-button-default-type\" target=\"_self\" href=\"\/contact-inscriptions\/\"><i class=\"fa-play fas awb-button__icon awb-button__icon--default button-icon-left\" aria-hidden=\"true\"><\/i><span class=\"fusion-button-text awb-button__text awb-button__text--default\">Reserve your alpine get-away with Peakpowder Guides!<\/span><\/a><\/div><div class=\"fusion-content-boxes content-boxes columns row fusion-columns-1 fusion-columns-total-1 fusion-content-boxes-1 content-boxes-icon-on-top content-left\" style=\"--awb-hover-accent-color:#547ba2;--awb-circle-hover-accent-color:#547ba2;--awb-item-margin-bottom:40px;\" data-animationOffset=\"top-into-view\"><div style=\"--awb-backgroundcolor:rgba(255,255,255,0);\" class=\"fusion-column content-box-column content-box-column content-box-column-1 col-lg-12 col-md-12 col-sm-12 fusion-content-box-hover content-box-column-last content-box-column-last-in-row\"><div class=\"col content-box-wrapper content-wrapper link-area-link-icon icon-hover-animation-fade\" data-animationOffset=\"top-into-view\"><\/div><\/div><div class=\"fusion-clearfix\"><\/div><\/div><div class=\"fusion-title title fusion-title-2 fusion-sep-none fusion-title-text fusion-title-size-two\"><h2 class=\"fusion-title-heading title-heading-left\" style=\"margin:0;\">Trekking &amp; mountaineering: discover the Alps<\/h2><\/div><div class=\"fusion-text fusion-text-2\"><p>A get-away that combines trekking and mountaineering, and gives us the opportunity to discover the vast potential of the Alps!\u00a0 Following in the footsteps of great mountaineers such as Patrick Berhault, Walter Bonatti, Ricardo Cassin, Ren\u00e9 Desmaison, and many more mountain men that opened numerous routes to the summits of these majestic summits.\u00a0 The choice of the itineraries depends on your objectives and your technical ability level. Accommodation is provided in simple yet comfortable lodges, charming mountain huts and hostels, and in certain cases, bivouac set-up. Adventure awaits you!<\/p>\n<ul>\n<li>Fill in the mountaineering evaluation form<\/li>\n<li>Trips are built around you, based on your availability with a maximum of 1- 2 participants per guide, depending on route choices<\/li>\n<li>Private IFMGA mountain guide instruction by French and English speaking guide<\/li>\n<\/ul>\n<\/div><div class=\"fusion-button-wrapper\"><a class=\"fusion-button button-flat fusion-button-default-size button-default fusion-button-default button-2 fusion-button-default-span fusion-button-default-type\" target=\"_self\" href=\"\/contact-inscriptions\/\"><i class=\"fa-play fas awb-button__icon awb-button__icon--default button-icon-left\" aria-hidden=\"true\"><\/i><span class=\"fusion-button-text awb-button__text awb-button__text--default\">Reserve your adventure with Peakpowder Guides!<\/span><\/a><\/div><div class=\"fusion-content-boxes content-boxes columns row fusion-columns-1 fusion-columns-total-1 fusion-content-boxes-2 content-boxes-icon-on-top content-left\" style=\"--awb-hover-accent-color:#547ba2;--awb-circle-hover-accent-color:#547ba2;--awb-item-margin-bottom:40px;\" data-animationOffset=\"top-into-view\"><div style=\"--awb-backgroundcolor:rgba(255,255,255,0);\" class=\"fusion-column content-box-column content-box-column content-box-column-1 col-lg-12 col-md-12 col-sm-12 fusion-content-box-hover content-box-column-last content-box-column-last-in-row\"><div class=\"col content-box-wrapper content-wrapper link-area-link-icon icon-hover-animation-fade\" data-animationOffset=\"top-into-view\"><\/div><\/div><div class=\"fusion-clearfix\"><\/div><\/div><div class=\"fusion-title title fusion-title-3 fusion-sep-none fusion-title-text fusion-title-size-two\"><h2 class=\"fusion-title-heading title-heading-left\" style=\"margin:0;\">Express Trek &#8211; without mountain hut<\/h2><\/div><div class=\"fusion-text fusion-text-3\"><p>A non-stop, express adventure! This is a traverse of the Aiguilles Rouges mountain range, mixing trekking and mountaineering.<\/p>\n<p>With a 3 am alpine start from the hamlet of Le Buet, the goal is the start the traverse via the Col de B\u00e9rard, Col des Crochues, Col de la Gli\u00e8re and Col Cornu mountain passes to finish at the Br\u00e9vent and tackle the descent to Chamonix town via Bellachat. If you are looking for a personal challenge, this is it<\/p>\n<p>Great physical shape, motivation and a good attitude are the keys to a successful traverse!<\/p>\n<ul>\n<li>Professional IFMGA mountain guide instruction with a French and English speaking guide<\/li>\n<li>Rate: 480 \u20ac with a maximum of 2 participants per IFMGA guide<\/li>\n<\/ul>\n<\/div><div class=\"fusion-button-wrapper\"><a class=\"fusion-button button-flat fusion-button-default-size button-default fusion-button-default button-3 fusion-button-default-span fusion-button-default-type\" target=\"_self\" href=\"\/contact-inscriptions\/\"><i class=\"fa-play fas awb-button__icon awb-button__icon--default button-icon-left\" aria-hidden=\"true\"><\/i><span class=\"fusion-button-text awb-button__text awb-button__text--default\">Reserve this incredible non-stop trekking and mountaineering traverse!<\/span><\/a><\/div><div class=\"fusion-content-boxes content-boxes columns row fusion-columns-1 fusion-columns-total-1 fusion-content-boxes-3 content-boxes-icon-on-top content-left\" style=\"--awb-hover-accent-color:#547ba2;--awb-circle-hover-accent-color:#547ba2;--awb-item-margin-bottom:40px;\" data-animationOffset=\"top-into-view\"><div style=\"--awb-backgroundcolor:rgba(255,255,255,0);\" class=\"fusion-column content-box-column content-box-column content-box-column-1 col-lg-12 col-md-12 col-sm-12 fusion-content-box-hover content-box-column-last content-box-column-last-in-row\"><div class=\"col content-box-wrapper content-wrapper link-area-link-icon icon-hover-animation-fade\" data-animationOffset=\"top-into-view\"><\/div><\/div><div class=\"fusion-clearfix\"><\/div><\/div><div class=\"fusion-title title fusion-title-4 fusion-sep-none fusion-title-text fusion-title-size-two\" style=\"--awb-margin-top:80px;\"><h2 class=\"fusion-title-heading title-heading-left\" style=\"margin:0;\">Canadian Rockies: Banff, Kootenay &amp; Yoho<\/h2><\/div><div class=\"fusion-text fusion-text-4\"><p>The fun begins in Calgary, Alberta, home of the Calgary Stampede and the heart of Canadian Cow Boy country. From here, we head into the heart of the Canadian Rocky Mountains to discover the national parcs of\u00a0 Banff, Kootenay and Yoho, all sitting on the border between Alberta and British Columbia, with numerous mountain summits sitting at altitudes between 3000m &#8211; 4000m. The exact choices of routes that will be climbing during this trip depends on your technical climbing ability and level of physical fitness. Each ascent requires multiple days to access the summits and overnight accommodation is a mix of huts and tents. Banff marks the end of our trip, with its enjoyable thermal baths.<\/p>\n<p>We recommend trips from mid June through to end of September.<\/p>\n<ul>\n<li>Fill in the mountaineering evaluation form<\/li>\n<li>Trip length is a minimum of 7 days\u00a0 with a maximum of 2 participants per IFMGA mountain guide<\/li>\n<li>IFMGA guide instruction for the whole trip with an English and French speaking guide<\/li>\n<\/ul>\n<\/div><div class=\"fusion-button-wrapper\"><a class=\"fusion-button button-flat fusion-button-default-size button-default fusion-button-default button-4 fusion-button-default-span fusion-button-default-type\" target=\"_self\" href=\"\/contact-inscriptions\/\"><i class=\"fa-play fas awb-button__icon awb-button__icon--default button-icon-left\" aria-hidden=\"true\"><\/i><span class=\"fusion-button-text awb-button__text awb-button__text--default\">Reserve your trip to the Canadian Rockies!<\/span><\/a><\/div><div class=\"fusion-content-boxes content-boxes columns row fusion-columns-1 fusion-columns-total-1 fusion-content-boxes-4 content-boxes-icon-on-top content-left\" style=\"--awb-hover-accent-color:#547ba2;--awb-circle-hover-accent-color:#547ba2;--awb-item-margin-bottom:40px;\" data-animationOffset=\"top-into-view\"><div style=\"--awb-backgroundcolor:rgba(255,255,255,0);\" class=\"fusion-column content-box-column content-box-column content-box-column-1 col-lg-12 col-md-12 col-sm-12 fusion-content-box-hover content-box-column-last content-box-column-last-in-row\"><div class=\"col content-box-wrapper content-wrapper link-area-link-icon icon-hover-animation-fade\" data-animationOffset=\"top-into-view\"><\/div><\/div><div class=\"fusion-clearfix\"><\/div><\/div><div class=\"fusion-title title fusion-title-5 fusion-sep-none fusion-title-text fusion-title-size-two\" style=\"--awb-margin-top:80px;\"><h2 class=\"fusion-title-heading title-heading-left\" style=\"margin:0;\">Photo Mountaineering Master Class with professional photographer and mountain guide <a href=\"https:\/\/www.fredbernard-photo.com\/\">Fred BERNARD<\/a><\/h2><\/div><div class=\"fusion-text fusion-text-5\"><p><span class=\"imagecadre\"><img decoding=\"async\" class=\"alignnone wp-image-1306 size-full\" src=\"https:\/\/peakpowder.com\/wp-content\/uploads\/2016\/10\/FB_Merdeglace.jpg\" width=\"1800\" height=\"763\" srcset=\"https:\/\/peakpowder.com\/wp-content\/uploads\/2016\/10\/FB_Merdeglace-200x85.jpg 200w, https:\/\/peakpowder.com\/wp-content\/uploads\/2016\/10\/FB_Merdeglace-300x127.jpg 300w, https:\/\/peakpowder.com\/wp-content\/uploads\/2016\/10\/FB_Merdeglace-400x170.jpg 400w, https:\/\/peakpowder.com\/wp-content\/uploads\/2016\/10\/FB_Merdeglace-600x254.jpg 600w, https:\/\/peakpowder.com\/wp-content\/uploads\/2016\/10\/FB_Merdeglace-768x326.jpg 768w, https:\/\/peakpowder.com\/wp-content\/uploads\/2016\/10\/FB_Merdeglace-800x339.jpg 800w, https:\/\/peakpowder.com\/wp-content\/uploads\/2016\/10\/FB_Merdeglace-1024x434.jpg 1024w, https:\/\/peakpowder.com\/wp-content\/uploads\/2016\/10\/FB_Merdeglace-1200x509.jpg 1200w, https:\/\/peakpowder.com\/wp-content\/uploads\/2016\/10\/FB_Merdeglace.jpg 1800w\" sizes=\"(max-width: 1800px) 100vw, 1800px\" \/><\/span><\/p>\n<p><strong><span class=\"imagecadre\">Theme: Ice &amp; Light<\/span><\/strong><\/p>\n<p><span class=\"imagecadre\">Fred Bernard, professional IFMGA mountain guide and photographer, shares his knowledge and experience with you in this incredible photo trip.<\/span><\/p>\n<p><span class=\"imagecadre\">A total immersion within a universe filled with magic and energy. The raw material is stunning  and offers a richness for photography.  This 5 day trip takes you to various glaciers within the Alps and allows you to discover the depth and diversity of this hostile environment. The trip is possible on skis as a backcountry touring adventure or alternatively by foot, mixing trekking with mountaineering, to reach unique locations.<\/span><\/p>\n<p>The choice of the terrain is made based on the technical experience of the participants. Please fill in the Peakpowder ski or mountaineering evaluation form.<br \/>\nA maximum of 2 participants <\/p>\n<\/div><div class=\"fusion-button-wrapper\"><a class=\"fusion-button button-flat fusion-button-default-size button-default fusion-button-default button-5 fusion-button-default-span fusion-button-default-type\" target=\"_self\" href=\"\/contact-inscriptions\/\"><i class=\"fa-play fas awb-button__icon awb-button__icon--default button-icon-left\" aria-hidden=\"true\"><\/i><span class=\"fusion-button-text awb-button__text awb-button__text--default\">Contact us for details on this Photo Master Class! <\/span><\/a><\/div><div class=\"fusion-clearfix\"><\/div><\/div><\/div><div class=\"fusion-layout-column fusion_builder_column fusion-builder-column-1 fusion_builder_column_1_3 1_3 fusion-one-third fusion-column-last\" style=\"--awb-bg-size:cover;width:30.6666%;\"><div class=\"fusion-column-wrapper fusion-flex-column-wrapper-legacy\"><div class=\"fusion-image-element in-legacy-container\" style=\"--awb-caption-title-font-family:var(--h2_typography-font-family);--awb-caption-title-font-weight:var(--h2_typography-font-weight);--awb-caption-title-font-style:var(--h2_typography-font-style);--awb-caption-title-size:var(--h2_typography-font-size);--awb-caption-title-transform:var(--h2_typography-text-transform);--awb-caption-title-line-height:var(--h2_typography-line-height);--awb-caption-title-letter-spacing:var(--h2_typography-letter-spacing);\"><span class=\" fusion-imageframe imageframe-dropshadow imageframe-1 hover-type-none\" style=\"border:10px solid #f6f6f6;-webkit-box-shadow: 3px 3px 7px rgba(0,0,0,0.3);box-shadow: 3px 3px 7px rgba(0,0,0,0.3);\"><img decoding=\"async\" width=\"300\" height=\"200\" title=\"Fred Bernard Photo\" src=\"https:\/\/peakpowder.com\/wp-content\/uploads\/2020\/05\/Lac-Combal_Italie_web-300x200.jpg\" alt class=\"img-responsive wp-image-2083\"\/><\/span><\/div><div class=\"fusion-image-element in-legacy-container\" style=\"--awb-caption-title-font-family:var(--h2_typography-font-family);--awb-caption-title-font-weight:var(--h2_typography-font-weight);--awb-caption-title-font-style:var(--h2_typography-font-style);--awb-caption-title-size:var(--h2_typography-font-size);--awb-caption-title-transform:var(--h2_typography-text-transform);--awb-caption-title-line-height:var(--h2_typography-line-height);--awb-caption-title-letter-spacing:var(--h2_typography-letter-spacing);\"><span class=\" fusion-imageframe imageframe-dropshadow imageframe-2 hover-type-none\" style=\"border:10px solid #f6f6f6;-webkit-box-shadow: 3px 3px 7px rgba(0,0,0,0.3);box-shadow: 3px 3px 7px rgba(0,0,0,0.3);\"><img decoding=\"async\" width=\"3648\" height=\"2736\" title=\"s1030046\" src=\"https:\/\/peakpowder.com\/wp-content\/uploads\/2016\/11\/S1030046.jpg\" alt class=\"img-responsive wp-image-1285\" srcset=\"https:\/\/peakpowder.com\/wp-content\/uploads\/2016\/11\/S1030046-200x150.jpg 200w, https:\/\/peakpowder.com\/wp-content\/uploads\/2016\/11\/S1030046-400x300.jpg 400w, https:\/\/peakpowder.com\/wp-content\/uploads\/2016\/11\/S1030046-600x450.jpg 600w, https:\/\/peakpowder.com\/wp-content\/uploads\/2016\/11\/S1030046-800x600.jpg 800w, https:\/\/peakpowder.com\/wp-content\/uploads\/2016\/11\/S1030046-1200x900.jpg 1200w, https:\/\/peakpowder.com\/wp-content\/uploads\/2016\/11\/S1030046.jpg 3648w\" sizes=\"(max-width: 800px) 100vw, 400px\" \/><\/span><\/div><div class=\"fusion-image-element in-legacy-container\" style=\"--awb-caption-title-font-family:var(--h2_typography-font-family);--awb-caption-title-font-weight:var(--h2_typography-font-weight);--awb-caption-title-font-style:var(--h2_typography-font-style);--awb-caption-title-size:var(--h2_typography-font-size);--awb-caption-title-transform:var(--h2_typography-text-transform);--awb-caption-title-line-height:var(--h2_typography-line-height);--awb-caption-title-letter-spacing:var(--h2_typography-letter-spacing);\"><span class=\" fusion-imageframe imageframe-dropshadow imageframe-3 hover-type-none\" style=\"border:10px solid #f6f6f6;-webkit-box-shadow: 3px 3px 7px rgba(0,0,0,0.3);box-shadow: 3px 3px 7px rgba(0,0,0,0.3);\"><img decoding=\"async\" width=\"1600\" height=\"1200\" title=\"img_7045\" src=\"https:\/\/peakpowder.com\/wp-content\/uploads\/2016\/11\/IMG_7045.jpg\" alt class=\"img-responsive wp-image-1287\" srcset=\"https:\/\/peakpowder.com\/wp-content\/uploads\/2016\/11\/IMG_7045-200x150.jpg 200w, https:\/\/peakpowder.com\/wp-content\/uploads\/2016\/11\/IMG_7045-400x300.jpg 400w, https:\/\/peakpowder.com\/wp-content\/uploads\/2016\/11\/IMG_7045-600x450.jpg 600w, https:\/\/peakpowder.com\/wp-content\/uploads\/2016\/11\/IMG_7045-800x600.jpg 800w, https:\/\/peakpowder.com\/wp-content\/uploads\/2016\/11\/IMG_7045-1200x900.jpg 1200w, https:\/\/peakpowder.com\/wp-content\/uploads\/2016\/11\/IMG_7045.jpg 1600w\" sizes=\"(max-width: 800px) 100vw, 400px\" \/><\/span><\/div><div class=\"fusion-image-element in-legacy-container\" style=\"--awb-caption-title-font-family:var(--h2_typography-font-family);--awb-caption-title-font-weight:var(--h2_typography-font-weight);--awb-caption-title-font-style:var(--h2_typography-font-style);--awb-caption-title-size:var(--h2_typography-font-size);--awb-caption-title-transform:var(--h2_typography-text-transform);--awb-caption-title-line-height:var(--h2_typography-line-height);--awb-caption-title-letter-spacing:var(--h2_typography-letter-spacing);\"><span class=\" fusion-imageframe imageframe-dropshadow imageframe-4 hover-type-none\" style=\"border:10px solid #f6f6f6;-webkit-box-shadow: 3px 3px 7px rgba(0,0,0,0.3);box-shadow: 3px 3px 7px rgba(0,0,0,0.3);\"><img decoding=\"async\" width=\"1600\" height=\"1200\" title=\"img_6997\" src=\"https:\/\/peakpowder.com\/wp-content\/uploads\/2016\/11\/IMG_6997.jpg\" alt class=\"img-responsive wp-image-1289\" srcset=\"https:\/\/peakpowder.com\/wp-content\/uploads\/2016\/11\/IMG_6997-200x150.jpg 200w, https:\/\/peakpowder.com\/wp-content\/uploads\/2016\/11\/IMG_6997-400x300.jpg 400w, https:\/\/peakpowder.com\/wp-content\/uploads\/2016\/11\/IMG_6997-600x450.jpg 600w, https:\/\/peakpowder.com\/wp-content\/uploads\/2016\/11\/IMG_6997-800x600.jpg 800w, https:\/\/peakpowder.com\/wp-content\/uploads\/2016\/11\/IMG_6997-1200x900.jpg 1200w, https:\/\/peakpowder.com\/wp-content\/uploads\/2016\/11\/IMG_6997.jpg 1600w\" sizes=\"(max-width: 800px) 100vw, 400px\" \/><\/span><\/div><div class=\"fusion-image-element in-legacy-container\" style=\"--awb-caption-title-font-family:var(--h2_typography-font-family);--awb-caption-title-font-weight:var(--h2_typography-font-weight);--awb-caption-title-font-style:var(--h2_typography-font-style);--awb-caption-title-size:var(--h2_typography-font-size);--awb-caption-title-transform:var(--h2_typography-text-transform);--awb-caption-title-line-height:var(--h2_typography-line-height);--awb-caption-title-letter-spacing:var(--h2_typography-letter-spacing);\"><span class=\" fusion-imageframe imageframe-dropshadow imageframe-5 hover-type-none\" style=\"border:10px solid #f6f6f6;-webkit-box-shadow: 3px 3px 7px rgba(0,0,0,0.3);box-shadow: 3px 3px 7px rgba(0,0,0,0.3);\"><img decoding=\"async\" width=\"2448\" height=\"3264\" title=\"20120906_110122\" src=\"https:\/\/peakpowder.com\/wp-content\/uploads\/2016\/11\/20120906_110122-e1482486963601.jpg\" alt class=\"img-responsive wp-image-1291\" srcset=\"https:\/\/peakpowder.com\/wp-content\/uploads\/2016\/11\/20120906_110122-e1482486963601-200x267.jpg 200w, https:\/\/peakpowder.com\/wp-content\/uploads\/2016\/11\/20120906_110122-e1482486963601-400x533.jpg 400w, https:\/\/peakpowder.com\/wp-content\/uploads\/2016\/11\/20120906_110122-e1482486963601-600x800.jpg 600w, https:\/\/peakpowder.com\/wp-content\/uploads\/2016\/11\/20120906_110122-e1482486963601-800x1067.jpg 800w, https:\/\/peakpowder.com\/wp-content\/uploads\/2016\/11\/20120906_110122-e1482486963601-1200x1600.jpg 1200w, https:\/\/peakpowder.com\/wp-content\/uploads\/2016\/11\/20120906_110122-e1482486963601.jpg 2448w\" sizes=\"(max-width: 800px) 100vw, 2448px\" \/><\/span><\/div><div class=\"fusion-image-element in-legacy-container\" style=\"--awb-caption-title-font-family:var(--h2_typography-font-family);--awb-caption-title-font-weight:var(--h2_typography-font-weight);--awb-caption-title-font-style:var(--h2_typography-font-style);--awb-caption-title-size:var(--h2_typography-font-size);--awb-caption-title-transform:var(--h2_typography-text-transform);--awb-caption-title-line-height:var(--h2_typography-line-height);--awb-caption-title-letter-spacing:var(--h2_typography-letter-spacing);\"><span class=\" fusion-imageframe imageframe-dropshadow imageframe-6 hover-type-none\" style=\"border:10px solid #f6f6f6;-webkit-box-shadow: 3px 3px 7px rgba(0,0,0,0.3);box-shadow: 3px 3px 7px rgba(0,0,0,0.3);\"><img decoding=\"async\" width=\"3840\" height=\"2160\" title=\"dsc_2353\" src=\"https:\/\/peakpowder.com\/wp-content\/uploads\/2016\/11\/DSC_2353.jpg\" alt class=\"img-responsive wp-image-1293\" srcset=\"https:\/\/peakpowder.com\/wp-content\/uploads\/2016\/11\/DSC_2353-200x113.jpg 200w, https:\/\/peakpowder.com\/wp-content\/uploads\/2016\/11\/DSC_2353-400x225.jpg 400w, https:\/\/peakpowder.com\/wp-content\/uploads\/2016\/11\/DSC_2353-600x338.jpg 600w, https:\/\/peakpowder.com\/wp-content\/uploads\/2016\/11\/DSC_2353-800x450.jpg 800w, https:\/\/peakpowder.com\/wp-content\/uploads\/2016\/11\/DSC_2353-1200x675.jpg 1200w, https:\/\/peakpowder.com\/wp-content\/uploads\/2016\/11\/DSC_2353.jpg 3840w\" sizes=\"(max-width: 800px) 100vw, 400px\" \/><\/span><\/div><div class=\"fusion-clearfix\"><\/div><\/div><\/div><\/div><\/div>\n","protected":false},"excerpt":{"rendered":"","protected":false},"author":1,"featured_media":0,"parent":777,"menu_order":0,"comment_status":"closed","ping_status":"closed","template":"","meta":{"_crdt_document":"","footnotes":""},"class_list":["post-1876","page","type-page","status-publish","hentry"],"aioseo_notices":[],"jetpack_shortlink":"https:\/\/wp.me\/PgzR1V-ug","_links":{"self":[{"href":"https:\/\/peakpowder.com\/en\/wp-json\/wp\/v2\/pages\/1876","targetHints":{"allow":["GET"]}}],"collection":[{"href":"https:\/\/peakpowder.com\/en\/wp-json\/wp\/v2\/pages"}],"about":[{"href":"https:\/\/peakpowder.com\/en\/wp-json\/wp\/v2\/types\/page"}],"author":[{"embeddable":true,"href":"https:\/\/peakpowder.com\/en\/wp-json\/wp\/v2\/users\/1"}],"replies":[{"embeddable":true,"href":"https:\/\/peakpowder.com\/en\/wp-json\/wp\/v2\/comments?post=1876"}],"version-history":[{"count":5,"href":"https:\/\/peakpowder.com\/en\/wp-json\/wp\/v2\/pages\/1876\/revisions"}],"predecessor-version":[{"id":2359,"href":"https:\/\/peakpowder.com\/en\/wp-json\/wp\/v2\/pages\/1876\/revisions\/2359"}],"up":[{"embeddable":true,"href":"https:\/\/peakpowder.com\/en\/wp-json\/wp\/v2\/pages\/777"}],"wp:attachment":[{"href":"https:\/\/peakpowder.com\/en\/wp-json\/wp\/v2\/media?parent=1876"}],"curies":[{"name":"wp","href":"https:\/\/api.w.org\/{rel}","templated":true}]}}