{"id":1908,"date":"2020-05-24T18:18:10","date_gmt":"2020-05-24T16:18:10","guid":{"rendered":"https:\/\/peakpowder.com\/?page_id=1908"},"modified":"2026-01-02T19:24:32","modified_gmt":"2026-01-02T18:24:32","slug":"mountaineering-mont-blanc-range","status":"publish","type":"page","link":"https:\/\/peakpowder.com\/en\/alps-climbing-mountaineering\/mountaineering-mont-blanc-range\/","title":{"rendered":"Mountaineering &#8211; Mont Blanc Range"},"content":{"rendered":"<div class=\"fusion-fullwidth fullwidth-box fusion-builder-row-1 hundred-percent-fullwidth non-hundred-percent-height-scrolling\" style=\"--awb-border-radius-top-left:0px;--awb-border-radius-top-right:0px;--awb-border-radius-bottom-right:0px;--awb-border-radius-bottom-left:0px;--awb-overflow:visible;--awb-flex-wrap:wrap;\" ><div class=\"fusion-builder-row fusion-row\"><div class=\"fusion-layout-column fusion_builder_column fusion-builder-column-0 fusion_builder_column_2_3 2_3 fusion-two-third fusion-column-first\" style=\"--awb-bg-size:cover;width:65.3333%; margin-right: 4%;\"><div class=\"fusion-column-wrapper fusion-flex-column-wrapper-legacy\"><div class=\"fusion-column-content-centered\"><div class=\"fusion-column-content\"><div class=\"fusion-title title fusion-title-1 fusion-sep-none fusion-title-text fusion-title-size-two\"><h2 class=\"fusion-title-heading title-heading-left\" style=\"margin:0;\">Mountaineering Bivouac<\/h2><\/div><div class=\"fusion-text fusion-text-1\"><p>D1: Start from the village of Vallorcine, in the Chamonix Mont Blanc valley, climb up to the Col de la Terrasse mountain pass and overnight bivouac.<\/p>\n<p>D2: Climb to Cheval Blanc, then Mont Buet ridge (using crampons). Overnight on the back side of the Col de Salenton pass.<\/p>\n<p>D3: Traverse the Crochues with an overngith just under La Fl\u00e9g\u00e8re, then climb over Col de la Gli\u00e8re and Col du Br\u00e9vent passes via the Cornu Lake.<\/p>\n<p>D4: Traverse to the Br\u00e9vent, with a final descent to Chamonix town via Bellachat<\/p>\n<p>In order to take part in this bivouac adventure, you need to be in good physical shape and have a passion for the mountains.<\/p>\n<p>Technical level **<\/p>\n<p>Physical level *** (6 &#8211; 8 hours per day, 800m-1000m positive vertical metres)<\/p>\n<ul>\n<li>Minimum age: 14 ans (with an adult) or 18 years<\/li>\n<li>Equipment provided: helmet, harness &amp; ice ax for each participant<\/li>\n<li>Professional IFMGA mountain guide instruction,\u00a0 French and English speaking guide<\/li>\n<\/ul>\n<\/div><div class=\"fusion-button-wrapper\"><a class=\"fusion-button button-flat fusion-button-default-size button-default fusion-button-default button-1 fusion-button-default-span fusion-button-default-type\" target=\"_self\" href=\"\/contact-inscriptions\/\"><i class=\"fa-play fas awb-button__icon awb-button__icon--default button-icon-left\" aria-hidden=\"true\"><\/i><span class=\"fusion-button-text awb-button__text awb-button__text--default\">Reserve your trip with Peakpowder Guides.<\/span><\/a><\/div><div class=\"fusion-title title fusion-title-2 fusion-sep-none fusion-title-text fusion-title-size-two\"><h2 class=\"fusion-title-heading title-heading-left\" style=\"margin:0;\"><\/p>\n<p><\/p>\n<p>Non-stop mountaineering &#8211; no overnight<\/p><\/h2><\/div><div class=\"fusion-text fusion-text-2\"><p>These are several ideas of routes that can be tackled in a non-stop express style mountaineering adventure. Other options are possible, so do not hesitate to contact us with your requests. Contact us for prices on specific routes:<\/p>\n<p>Aiguille Croux<\/p>\n<p>Traverse D\u00f4me du Go\u00fbter<\/p>\n<p>Mont Blanc<\/p>\n<p>Aiguille du Tour<\/p>\n<p>T\u00eate Blanche<\/p>\n<p>Aiguille de l&#8217;M<\/p>\n<p>Aiguille de la B\u00e9rang\u00e8re<\/p>\n<p>The route choice is made with the guide and depends on your level of technical mountaineering experience, your physical fitness and your personal objectives.<\/p>\n<p>Technical level &#8211; depends on the route<\/p>\n<p>Physical level &#8211; depends on the route choice<\/p>\n<ul>\n<li>Minimum age: 14 ans (with an adult) or 18 years<\/li>\n<li>Equipment provided: helmet, harness &amp; ice ax for each participant<\/li>\n<li>Professional IFMGA mountain guide instruction,\u00a0 French and English speaking guide<\/li>\n<\/ul>\n<\/div><div class=\"fusion-button-wrapper\"><a class=\"fusion-button button-flat fusion-button-default-size button-default fusion-button-default button-2 fusion-button-default-span fusion-button-default-type\" target=\"_self\" href=\"\/contact-inscriptions\/\"><i class=\"fa-play fas awb-button__icon awb-button__icon--default button-icon-left\" aria-hidden=\"true\"><\/i><span class=\"fusion-button-text awb-button__text awb-button__text--default\">Reserve your mountaineering route with Peakpowder Guides!<\/span><\/a><\/div><div class=\"fusion-title title fusion-title-3 fusion-sep-none fusion-title-text fusion-title-size-two\"><h2 class=\"fusion-title-heading title-heading-left\" style=\"margin:0;\"><\/p>\n<p><\/p>\n<p>Introduction to mountaineering &#8211; Beginner level<\/p><\/h2><\/div><div class=\"fusion-text fusion-text-3\"><p>You&#8217;ve been dreaming about mountaineering? You want to discover higher altitudes? Chamonix Mont Blanc is the perfect location for you to start this high mountain adventure.<br \/>\nPeakpowder offers an introduction to mountaineering in high altitude with the majestic Mont Blanc range as its backdrop. Learn to crampon on snow and ice, acquire technical skills that will enable you to evolve on glaciers, gain rope experience and climb your first summit&#8230;this day is dedicated to having you discover and want to learn more about mountaineering, and get you hooked so that you want to come back for more climbing in high altitude. If you are fit and interested in the mountains, this day is accessible to you. No previous mountaineering experience is required.  A personalized instruction provided by a qualified IFMGA high mountain guide guarantees that the right route choice is made, based on your level and your objectives. This introduction to mountaineering can also be a perfect family adventure!<\/p>\n<p>We climb throughout the Mont Blanc range, with a vast choice of terrain and lots of options open to us!<\/p>\n<ul>\n<li>Minimum age: 14 ans (with an adult) or 18 years<\/li>\n<li>Equipment provided: helmet, harness &amp; ice ax for each participant<\/li>\n<li>Professional IFMGA mountain guide instruction,  French and English speaking guide<\/li>\n<li>Private guide rate starting from 480 EUR per day, 1 to 4 participants per guide<\/li>\n<\/ul>\n<\/div><div class=\"fusion-button-wrapper\"><a class=\"fusion-button button-flat fusion-button-default-size button-default fusion-button-default button-3 fusion-button-default-span fusion-button-default-type\" target=\"_self\" href=\"\/contact-inscriptions\/\"><i class=\" fa fa-play awb-button__icon awb-button__icon--default button-icon-left\" aria-hidden=\"true\"><\/i><span class=\"fusion-button-text awb-button__text awb-button__text--default\">Reserve your introduction to mountaineering day with Peakpowder Guides!<\/span><\/a><\/div><div class=\"fusion-title title fusion-title-4 fusion-sep-none fusion-title-text fusion-title-size-two\"><h2 class=\"fusion-title-heading title-heading-left\" style=\"margin:0;\"><\/h2><\/div><div class=\"fusion-text fusion-text-4\"><h3><\/h3>\n<h3>Bespoke Mountaineering Camps &#8211; 2 Day, 3 Day, 6 Day<\/h3>\n<ul>\n<li>Mont Blanc range<\/li>\n<li>Zermatt and the Monta Rosa summits<\/li>\n<li>JUNGFRAU, M\u00f6nch &amp; ALETSCH glacier<\/li>\n<\/ul>\n<p>Peakpowder Guides offers multiple day bespoke mountaineering camps throughout the Alps, tailored to your technical ability level and time. These allow for a progression in your climbing skills and take into account the need for a proper acclimatization for high altitude mountaineering. Accommodation is in alpine mountain huts, simple and basic, but pratical and authentic for your mountaineering experience. Contact us for a personalized quote. Please send us your mountaineering evaluation form filled in and specify the number of days you have for your mountaineering adventure.<\/p>\n<ul>\n<li>Minimum age: 14 ans (with an adult) or 18 years<\/li>\n<li>Equipment provided: helmet, harness &amp; ice ax for each participant<\/li>\n<li>Professional IFMGA mountain guide instruction,  French and English speaking guide<\/li>\n<li>Private guide rate starting from 480 EUR per day, 1 to 4 participants per guide<a href=\"https:\/\/peakpowder.com\/en\/contact-inscriptions\/\"> Request your quote<\/a><\/li>\n<\/ul>\n<\/div><div class=\"fusion-button-wrapper\"><a class=\"fusion-button button-flat fusion-button-default-size button-default fusion-button-default button-4 fusion-button-default-span fusion-button-default-type\" target=\"_self\" href=\"\/contact-inscriptions\/\"><i class=\"fa-play fas awb-button__icon awb-button__icon--default button-icon-left\" aria-hidden=\"true\"><\/i><span class=\"fusion-button-text awb-button__text awb-button__text--default\">Contact Peakpowder Guides and reserve your mountaineering camp.<\/span><\/a><\/div><\/div><\/div><div class=\"fusion-clearfix\"><\/div><\/div><\/div><div class=\"fusion-layout-column fusion_builder_column fusion-builder-column-1 fusion_builder_column_1_3 1_3 fusion-one-third fusion-column-last\" style=\"--awb-bg-size:cover;width:30.6666%;\"><div class=\"fusion-column-wrapper fusion-flex-column-wrapper-legacy\"><div class=\"fusion-image-element in-legacy-container\" style=\"--awb-caption-title-font-family:var(--h2_typography-font-family);--awb-caption-title-font-weight:var(--h2_typography-font-weight);--awb-caption-title-font-style:var(--h2_typography-font-style);--awb-caption-title-size:var(--h2_typography-font-size);--awb-caption-title-transform:var(--h2_typography-text-transform);--awb-caption-title-line-height:var(--h2_typography-line-height);--awb-caption-title-letter-spacing:var(--h2_typography-letter-spacing);\"><span class=\" fusion-imageframe imageframe-dropshadow imageframe-1 hover-type-none\" style=\"border:10px solid #f6f6f6;-webkit-box-shadow: 3px 3px 7px rgba(0,0,0,0.3);box-shadow: 3px 3px 7px rgba(0,0,0,0.3);\"><img decoding=\"async\" width=\"2448\" height=\"2893\" alt=\"initiation alpinisme sur Chamonix\" title=\"alpi_rando_theel\" src=\"https:\/\/peakpowder.com\/wp-content\/uploads\/2016\/11\/Alpi_rando_Theel.jpg\" class=\"img-responsive wp-image-1279\" srcset=\"https:\/\/peakpowder.com\/wp-content\/uploads\/2016\/11\/Alpi_rando_Theel-200x236.jpg 200w, https:\/\/peakpowder.com\/wp-content\/uploads\/2016\/11\/Alpi_rando_Theel-400x473.jpg 400w, https:\/\/peakpowder.com\/wp-content\/uploads\/2016\/11\/Alpi_rando_Theel-600x709.jpg 600w, https:\/\/peakpowder.com\/wp-content\/uploads\/2016\/11\/Alpi_rando_Theel-800x945.jpg 800w, https:\/\/peakpowder.com\/wp-content\/uploads\/2016\/11\/Alpi_rando_Theel-1200x1418.jpg 1200w, https:\/\/peakpowder.com\/wp-content\/uploads\/2016\/11\/Alpi_rando_Theel.jpg 2448w\" sizes=\"(max-width: 800px) 100vw, 400px\" \/><\/span><\/div><div class=\"fusion-image-element in-legacy-container\" style=\"--awb-caption-title-font-family:var(--h2_typography-font-family);--awb-caption-title-font-weight:var(--h2_typography-font-weight);--awb-caption-title-font-style:var(--h2_typography-font-style);--awb-caption-title-size:var(--h2_typography-font-size);--awb-caption-title-transform:var(--h2_typography-text-transform);--awb-caption-title-line-height:var(--h2_typography-line-height);--awb-caption-title-letter-spacing:var(--h2_typography-letter-spacing);\"><span class=\" fusion-imageframe imageframe-dropshadow imageframe-2 hover-type-none\" style=\"border:10px solid #f6f6f6;-webkit-box-shadow: 3px 3px 7px rgba(0,0,0,0.3);box-shadow: 3px 3px 7px rgba(0,0,0,0.3);\"><img decoding=\"async\" width=\"512\" height=\"768\" title=\"f1000005\" src=\"https:\/\/peakpowder.com\/wp-content\/uploads\/2016\/10\/F1000005.jpg\" alt class=\"img-responsive wp-image-687\" srcset=\"https:\/\/peakpowder.com\/wp-content\/uploads\/2016\/10\/F1000005-200x300.jpg 200w, https:\/\/peakpowder.com\/wp-content\/uploads\/2016\/10\/F1000005-400x600.jpg 400w, https:\/\/peakpowder.com\/wp-content\/uploads\/2016\/10\/F1000005.jpg 512w\" sizes=\"(max-width: 800px) 100vw, 400px\" \/><\/span><\/div><div class=\"fusion-image-element in-legacy-container\" style=\"--awb-caption-title-font-family:var(--h2_typography-font-family);--awb-caption-title-font-weight:var(--h2_typography-font-weight);--awb-caption-title-font-style:var(--h2_typography-font-style);--awb-caption-title-size:var(--h2_typography-font-size);--awb-caption-title-transform:var(--h2_typography-text-transform);--awb-caption-title-line-height:var(--h2_typography-line-height);--awb-caption-title-letter-spacing:var(--h2_typography-letter-spacing);\"><span class=\" fusion-imageframe imageframe-dropshadow imageframe-3 hover-type-none\" style=\"border:10px solid #f6f6f6;-webkit-box-shadow: 3px 3px 7px rgba(0,0,0,0.3);box-shadow: 3px 3px 7px rgba(0,0,0,0.3);\"><img decoding=\"async\" width=\"3360\" height=\"2240\" title=\"photo_ete\" src=\"https:\/\/peakpowder.com\/wp-content\/uploads\/2016\/11\/photo_ete.jpg\" alt class=\"img-responsive wp-image-1281\" srcset=\"https:\/\/peakpowder.com\/wp-content\/uploads\/2016\/11\/photo_ete-200x133.jpg 200w, https:\/\/peakpowder.com\/wp-content\/uploads\/2016\/11\/photo_ete-400x267.jpg 400w, https:\/\/peakpowder.com\/wp-content\/uploads\/2016\/11\/photo_ete-600x400.jpg 600w, https:\/\/peakpowder.com\/wp-content\/uploads\/2016\/11\/photo_ete-800x533.jpg 800w, https:\/\/peakpowder.com\/wp-content\/uploads\/2016\/11\/photo_ete-1200x800.jpg 1200w, https:\/\/peakpowder.com\/wp-content\/uploads\/2016\/11\/photo_ete.jpg 3360w\" sizes=\"(max-width: 800px) 100vw, 400px\" \/><\/span><\/div><div class=\"fusion-image-element in-legacy-container\" style=\"--awb-caption-title-font-family:var(--h2_typography-font-family);--awb-caption-title-font-weight:var(--h2_typography-font-weight);--awb-caption-title-font-style:var(--h2_typography-font-style);--awb-caption-title-size:var(--h2_typography-font-size);--awb-caption-title-transform:var(--h2_typography-text-transform);--awb-caption-title-line-height:var(--h2_typography-line-height);--awb-caption-title-letter-spacing:var(--h2_typography-letter-spacing);\"><span class=\" fusion-imageframe imageframe-dropshadow imageframe-4 hover-type-none\" style=\"border:10px solid #f6f6f6;-webkit-box-shadow: 3px 3px 7px rgba(0,0,0,0.3);box-shadow: 3px 3px 7px rgba(0,0,0,0.3);\"><img decoding=\"async\" width=\"1024\" height=\"768\" alt=\"initiation alpinisme sur Chamonix\" title=\"hammann_gran-paradis\" src=\"https:\/\/peakpowder.com\/wp-content\/uploads\/2016\/10\/Hammann_Gran-Paradis.jpg\" class=\"img-responsive wp-image-1020\" srcset=\"https:\/\/peakpowder.com\/wp-content\/uploads\/2016\/10\/Hammann_Gran-Paradis-200x150.jpg 200w, https:\/\/peakpowder.com\/wp-content\/uploads\/2016\/10\/Hammann_Gran-Paradis-400x300.jpg 400w, https:\/\/peakpowder.com\/wp-content\/uploads\/2016\/10\/Hammann_Gran-Paradis-600x450.jpg 600w, https:\/\/peakpowder.com\/wp-content\/uploads\/2016\/10\/Hammann_Gran-Paradis-800x600.jpg 800w, https:\/\/peakpowder.com\/wp-content\/uploads\/2016\/10\/Hammann_Gran-Paradis.jpg 1024w\" sizes=\"(max-width: 800px) 100vw, 400px\" \/><\/span><\/div><div class=\"fusion-clearfix\"><\/div><\/div><\/div><\/div><\/div>\n","protected":false},"excerpt":{"rendered":"","protected":false},"author":1,"featured_media":0,"parent":777,"menu_order":0,"comment_status":"closed","ping_status":"closed","template":"","meta":{"_crdt_document":"","footnotes":""},"class_list":["post-1908","page","type-page","status-publish","hentry"],"aioseo_notices":[],"jetpack_shortlink":"https:\/\/wp.me\/PgzR1V-uM","_links":{"self":[{"href":"https:\/\/peakpowder.com\/en\/wp-json\/wp\/v2\/pages\/1908","targetHints":{"allow":["GET"]}}],"collection":[{"href":"https:\/\/peakpowder.com\/en\/wp-json\/wp\/v2\/pages"}],"about":[{"href":"https:\/\/peakpowder.com\/en\/wp-json\/wp\/v2\/types\/page"}],"author":[{"embeddable":true,"href":"https:\/\/peakpowder.com\/en\/wp-json\/wp\/v2\/users\/1"}],"replies":[{"embeddable":true,"href":"https:\/\/peakpowder.com\/en\/wp-json\/wp\/v2\/comments?post=1908"}],"version-history":[{"count":8,"href":"https:\/\/peakpowder.com\/en\/wp-json\/wp\/v2\/pages\/1908\/revisions"}],"predecessor-version":[{"id":2358,"href":"https:\/\/peakpowder.com\/en\/wp-json\/wp\/v2\/pages\/1908\/revisions\/2358"}],"up":[{"embeddable":true,"href":"https:\/\/peakpowder.com\/en\/wp-json\/wp\/v2\/pages\/777"}],"wp:attachment":[{"href":"https:\/\/peakpowder.com\/en\/wp-json\/wp\/v2\/media?parent=1908"}],"curies":[{"name":"wp","href":"https:\/\/api.w.org\/{rel}","templated":true}]}}