{"id":748,"date":"2016-10-24T16:10:45","date_gmt":"2016-10-24T14:10:45","guid":{"rendered":"https:\/\/peakpowder.com\/en\/?page_id=748"},"modified":"2018-01-08T12:01:26","modified_gmt":"2018-01-08T11:01:26","slug":"climbs-and-skiing-achievements","status":"publish","type":"page","link":"https:\/\/peakpowder.com\/en\/who-are-we\/climbs-and-skiing-achievements\/","title":{"rendered":"Climbs and skiing achievements"},"content":{"rendered":"<div class=\"fusion-fullwidth fullwidth-box fusion-builder-row-1 hundred-percent-fullwidth non-hundred-percent-height-scrolling\" style=\"--awb-border-radius-top-left:0px;--awb-border-radius-top-right:0px;--awb-border-radius-bottom-right:0px;--awb-border-radius-bottom-left:0px;--awb-overflow:visible;--awb-flex-wrap:wrap;\" ><div class=\"fusion-builder-row fusion-row\"><div class=\"fusion-layout-column fusion_builder_column fusion-builder-column-0 fusion_builder_column_2_3 2_3 fusion-two-third fusion-column-first\" style=\"--awb-bg-size:cover;width:65.3333%; margin-right: 4%;\"><div class=\"fusion-column-wrapper fusion-flex-column-wrapper-legacy\"><div class=\"fusion-title title fusion-title-1 fusion-sep-none fusion-title-text fusion-title-size-two\"><h2 class=\"fusion-title-heading title-heading-left\" style=\"margin:0;\">Successful climbs &amp; Skiing Achievements<\/h2><\/div><div class=\"fusion-text fusion-text-1\"><p>The list below offers an overall view of Peakpowder&#8217;s mountain guiding activities. The routes listed below have been skied and\/or climbed with clients:<\/p>\n<h3>STEEP SKIING &amp; BIG MOUNTAIN BACKCOUNTRY<\/h3>\n<table>\n<tbody>\n<tr>\n<td>\n<ul>\n<li>Mt. Blanc Range &#8211; east to west<\/li>\n<li>Couloir de la Table<\/li>\n<li>Couloir Barbey<\/li>\n<li>Col sup\u00e9rieur du Tour Noir<\/li>\n<li>NE Couloir Aiguille d\u2019Argenti\u00e8re<\/li>\n<li>Couloir des Cristaux<\/li>\n<li>NE des Courtes<\/li>\n<li>Col des Courtes<\/li>\n<li>Couloir Chevalier<\/li>\n<\/ul>\n<\/td>\n<td>\n<ul>\n<li>Oreilles de lapin<\/li>\n<li>Couloir Whymper de l\u2019Aiguille Verte<\/li>\n<li>Couloir Eboulement<\/li>\n<li>Glacier du Capucin<\/li>\n<li>Rochefort-Mallet<\/li>\n<li>South Face Dent du G\u00e9ant<\/li>\n<li>Petit Gervasutti<\/li>\n<li>North Face Lex Blanche<\/li>\n<li>Ar\u00eate Mettrier<\/li>\n<li>Aiguille du Chardonnet all sides<\/li>\n<\/ul>\n<\/td>\n<\/tr>\n<\/tbody>\n<\/table>\n<p>This list provides an overview of our descents, and does not include the numerous gravity access routes off the Aiguille du Midi, Pointe Helbronner and the Grands Montets, that are part of our everyday skiing playground.<\/p>\n<ul>\n<li>Aiguilles Rouges &#8211; east to west<\/li>\n<li>East Couloir Aiguille Loriaz<\/li>\n<li>NE Couloir Aiguille Martin<\/li>\n<li>NW Face Aiguille Belv\u00e9d\u00e8re<\/li>\n<li>North Face Aiguille du Pouce<\/li>\n<\/ul>\n<p>This list doesn&#8217;t include gravity access routes skied from the Fl\u00e9g\u00e8re and Br\u00e9vent ski areas.<\/p>\n<p>We have listed descents in the Mt. Blanc range only. Similar ski descents have been made in other parts of the Alps, Canada, Iceland, Peru and the rest of the world.<\/p>\n<h3>MountainEering<\/h3>\n<p>The term &#8220;mountaineering&#8221; covers a wide range of activities, and during the summer season we use various skill sets. We have chosen to mention only a few key climbs: Gervasutti pillar, North Face Piz Badile, Kuffner ridge, Frendo spur along with all of the key summits of the Mt. Blanc and Oisans mountain ranges. We should not forget classics such the Gran Paradiso, the Matterhorn and the Eiger.<\/p>\n<\/div><div class=\"fusion-sep-clear\"><\/div><div class=\"fusion-separator fusion-has-icon separateur\" style=\"margin-left: auto;margin-right: auto;margin-top:40px;margin-bottom:40px;width:100%;max-width:10px;\"><div class=\"fusion-separator-border sep-double sep-solid\" style=\"--awb-height:20px;--awb-amount:20px;--awb-sep-color:#075386;border-color:#075386;border-top-width:1px;border-bottom-width:1px;\"><\/div><span class=\"icon-wrapper\" style=\"border-color:#075386;background-color:rgba(255,255,255,0);font-size:14px;width: 1.75em; height: 1.75em;border-width:1px;padding:1px;\"><i class=\" fa fa-chevron-circle-down\" style=\"font-size: inherit;color:#075386;\" aria-hidden=\"true\"><\/i><\/span><div class=\"fusion-separator-border sep-double sep-solid\" style=\"--awb-height:20px;--awb-amount:20px;--awb-sep-color:#075386;border-color:#075386;border-top-width:1px;border-bottom-width:1px;\"><\/div><\/div><div class=\"fusion-sep-clear\"><\/div><div class=\"fusion-title title fusion-title-2 fusion-sep-none fusion-title-text fusion-title-size-two\"><h2 class=\"fusion-title-heading title-heading-left\" style=\"margin:0;\">References.<\/h2><\/div><div class=\"fusion-text fusion-text-2\"><p>Mountain guiding does not only involve guiding climbs and skiing adventures. Our guiding services are also required for setting up a safe work environment for crews when shooting films, photos and commercials in high mountain ranges. We have been asked to organize team building activities for multi-nationals, to coach Olympic athletes in their mental and physical preparation, to organize weddings and anniversary celebrations in a mountain setting. The possibilities are endless, and Peakpowder strives to meet the needs of its various clients :<\/p>\n<table>\n<tbody>\n<tr>\n<td>\n<ul>\n<li>PATAGONIA EUROPE<\/li>\n<li>PATAGONIA USA<\/li>\n<li>MOUNTAIN HARDWARE<\/li>\n<li>BLACK DIAMOND EQUIPMENT<\/li>\n<li>PVS PRODUCTION-WEDZE<\/li>\n<li>ASICS<\/li>\n<li>ARC&#8217;TERYX<\/li>\n<li>WARREN MILLER<\/li>\n<li>SALOMON<\/li>\n<li>ROSSIGNOL<\/li>\n<li>Olympic TEAM FRANCE-SALT LAKE CITY<\/li>\n<li>video clip pour la chanteuse EVE ANGELIS<\/li>\n<li>HERMES<\/li>\n<li>ROLEX<\/li>\n<\/ul>\n<\/td>\n<td>\n<ul>\n<li>LAFUMA<\/li>\n<li>AIGLE<\/li>\n<li>DEGREE 7<\/li>\n<li>SKI TRAB<\/li>\n<li>EUROSPORT<\/li>\n<li>FRANCE 3<\/li>\n<li>TV 8 MONT BLANC<\/li>\n<li>TV GLO<\/li>\n<li>CEGELEC MOBILITY<\/li>\n<li>VAUDE<\/li>\n<li>ZEBRA PRODUCTIONS<\/li>\n<li>O2E<\/li>\n<\/ul>\n<\/td>\n<\/tr>\n<\/tbody>\n<\/table>\n<\/div><div class=\"fusion-clearfix\"><\/div><\/div><\/div><div class=\"fusion-layout-column fusion_builder_column fusion-builder-column-1 fusion_builder_column_1_3 1_3 fusion-one-third fusion-column-last\" style=\"--awb-bg-size:cover;width:30.6666%;\"><div class=\"fusion-column-wrapper fusion-flex-column-wrapper-legacy\"><div class=\"fusion-image-element in-legacy-container\" style=\"--awb-caption-title-font-family:var(--h2_typography-font-family);--awb-caption-title-font-weight:var(--h2_typography-font-weight);--awb-caption-title-font-style:var(--h2_typography-font-style);--awb-caption-title-size:var(--h2_typography-font-size);--awb-caption-title-transform:var(--h2_typography-text-transform);--awb-caption-title-line-height:var(--h2_typography-line-height);--awb-caption-title-letter-spacing:var(--h2_typography-letter-spacing);\"><span class=\" fusion-imageframe imageframe-dropshadow imageframe-1 hover-type-none\" style=\"border:10px solid #f6f6f6;-webkit-box-shadow: 3px 3px 7px rgba(0,0,0,0.3);box-shadow: 3px 3px 7px rgba(0,0,0,0.3);\"><img decoding=\"async\" width=\"1024\" height=\"768\" title=\"dsc00818\" src=\"https:\/\/peakpowder.com\/wp-content\/uploads\/2016\/09\/DSC00818.jpg\" alt class=\"img-responsive wp-image-431\" srcset=\"https:\/\/peakpowder.com\/wp-content\/uploads\/2016\/09\/DSC00818-200x150.jpg 200w, https:\/\/peakpowder.com\/wp-content\/uploads\/2016\/09\/DSC00818-400x300.jpg 400w, https:\/\/peakpowder.com\/wp-content\/uploads\/2016\/09\/DSC00818-600x450.jpg 600w, https:\/\/peakpowder.com\/wp-content\/uploads\/2016\/09\/DSC00818-800x600.jpg 800w, https:\/\/peakpowder.com\/wp-content\/uploads\/2016\/09\/DSC00818.jpg 1024w\" sizes=\"(max-width: 800px) 100vw, 400px\" \/><\/span><\/div><div class=\"fusion-image-element in-legacy-container\" style=\"--awb-caption-title-font-family:var(--h2_typography-font-family);--awb-caption-title-font-weight:var(--h2_typography-font-weight);--awb-caption-title-font-style:var(--h2_typography-font-style);--awb-caption-title-size:var(--h2_typography-font-size);--awb-caption-title-transform:var(--h2_typography-text-transform);--awb-caption-title-line-height:var(--h2_typography-line-height);--awb-caption-title-letter-spacing:var(--h2_typography-letter-spacing);\"><span class=\" fusion-imageframe imageframe-dropshadow imageframe-2 hover-type-none\" style=\"border:10px solid #f6f6f6;-webkit-box-shadow: 3px 3px 7px rgba(0,0,0,0.3);box-shadow: 3px 3px 7px rgba(0,0,0,0.3);\"><img decoding=\"async\" width=\"576\" height=\"768\" title=\"aig%20bionnassay\" src=\"https:\/\/peakpowder.com\/wp-content\/uploads\/2016\/09\/aig20bionnassay.jpg\" alt class=\"img-responsive wp-image-432\" srcset=\"https:\/\/peakpowder.com\/wp-content\/uploads\/2016\/09\/aig20bionnassay-200x267.jpg 200w, https:\/\/peakpowder.com\/wp-content\/uploads\/2016\/09\/aig20bionnassay-400x533.jpg 400w, https:\/\/peakpowder.com\/wp-content\/uploads\/2016\/09\/aig20bionnassay.jpg 576w\" sizes=\"(max-width: 800px) 100vw, 400px\" \/><\/span><\/div><div class=\"fusion-image-element in-legacy-container\" style=\"--awb-caption-title-font-family:var(--h2_typography-font-family);--awb-caption-title-font-weight:var(--h2_typography-font-weight);--awb-caption-title-font-style:var(--h2_typography-font-style);--awb-caption-title-size:var(--h2_typography-font-size);--awb-caption-title-transform:var(--h2_typography-text-transform);--awb-caption-title-line-height:var(--h2_typography-line-height);--awb-caption-title-letter-spacing:var(--h2_typography-letter-spacing);\"><span class=\" fusion-imageframe imageframe-dropshadow imageframe-3 hover-type-none\" style=\"border:10px solid #f6f6f6;-webkit-box-shadow: 3px 3px 7px rgba(0,0,0,0.3);box-shadow: 3px 3px 7px rgba(0,0,0,0.3);\"><img decoding=\"async\" width=\"800\" height=\"533\" title=\"201003010887lamiche\" src=\"https:\/\/peakpowder.com\/wp-content\/uploads\/2016\/09\/201003010887lamiche.jpg\" alt class=\"img-responsive wp-image-433\" srcset=\"https:\/\/peakpowder.com\/wp-content\/uploads\/2016\/09\/201003010887lamiche-200x133.jpg 200w, https:\/\/peakpowder.com\/wp-content\/uploads\/2016\/09\/201003010887lamiche-400x267.jpg 400w, https:\/\/peakpowder.com\/wp-content\/uploads\/2016\/09\/201003010887lamiche-600x400.jpg 600w, https:\/\/peakpowder.com\/wp-content\/uploads\/2016\/09\/201003010887lamiche.jpg 800w\" sizes=\"(max-width: 800px) 100vw, 400px\" \/><\/span><\/div><div class=\"fusion-image-element in-legacy-container\" style=\"--awb-caption-title-font-family:var(--h2_typography-font-family);--awb-caption-title-font-weight:var(--h2_typography-font-weight);--awb-caption-title-font-style:var(--h2_typography-font-style);--awb-caption-title-size:var(--h2_typography-font-size);--awb-caption-title-transform:var(--h2_typography-text-transform);--awb-caption-title-line-height:var(--h2_typography-line-height);--awb-caption-title-letter-spacing:var(--h2_typography-letter-spacing);\"><span class=\" fusion-imageframe imageframe-dropshadow imageframe-4 hover-type-none\" style=\"border:10px solid #f6f6f6;-webkit-box-shadow: 3px 3px 7px rgba(0,0,0,0.3);box-shadow: 3px 3px 7px rgba(0,0,0,0.3);\"><img decoding=\"async\" width=\"320\" height=\"214\" title=\"realisations1\" src=\"https:\/\/peakpowder.com\/wp-content\/uploads\/2016\/09\/Realisations1.jpg\" alt class=\"img-responsive wp-image-434\" srcset=\"https:\/\/peakpowder.com\/wp-content\/uploads\/2016\/09\/Realisations1-200x134.jpg 200w, https:\/\/peakpowder.com\/wp-content\/uploads\/2016\/09\/Realisations1.jpg 320w\" sizes=\"(max-width: 800px) 100vw, 320px\" \/><\/span><\/div><div class=\"fusion-clearfix\"><\/div><\/div><\/div><\/div><\/div>\n","protected":false},"excerpt":{"rendered":"","protected":false},"author":1,"featured_media":0,"parent":740,"menu_order":0,"comment_status":"closed","ping_status":"closed","template":"","meta":{"_crdt_document":"","footnotes":""},"class_list":["post-748","page","type-page","status-publish","hentry"],"aioseo_notices":[],"jetpack_shortlink":"https:\/\/wp.me\/PgzR1V-c4","_links":{"self":[{"href":"https:\/\/peakpowder.com\/en\/wp-json\/wp\/v2\/pages\/748","targetHints":{"allow":["GET"]}}],"collection":[{"href":"https:\/\/peakpowder.com\/en\/wp-json\/wp\/v2\/pages"}],"about":[{"href":"https:\/\/peakpowder.com\/en\/wp-json\/wp\/v2\/types\/page"}],"author":[{"embeddable":true,"href":"https:\/\/peakpowder.com\/en\/wp-json\/wp\/v2\/users\/1"}],"replies":[{"embeddable":true,"href":"https:\/\/peakpowder.com\/en\/wp-json\/wp\/v2\/comments?post=748"}],"version-history":[{"count":6,"href":"https:\/\/peakpowder.com\/en\/wp-json\/wp\/v2\/pages\/748\/revisions"}],"predecessor-version":[{"id":1656,"href":"https:\/\/peakpowder.com\/en\/wp-json\/wp\/v2\/pages\/748\/revisions\/1656"}],"up":[{"embeddable":true,"href":"https:\/\/peakpowder.com\/en\/wp-json\/wp\/v2\/pages\/740"}],"wp:attachment":[{"href":"https:\/\/peakpowder.com\/en\/wp-json\/wp\/v2\/media?parent=748"}],"curies":[{"name":"wp","href":"https:\/\/api.w.org\/{rel}","templated":true}]}}