{"id":794,"date":"2016-10-21T18:01:15","date_gmt":"2016-10-21T16:01:15","guid":{"rendered":"https:\/\/peakpowder.com\/en\/?page_id=794"},"modified":"2026-01-02T19:20:10","modified_gmt":"2026-01-02T18:20:10","slug":"mountain-biking-school-chamonix","status":"publish","type":"page","link":"https:\/\/peakpowder.com\/en\/mountain-bike\/mountain-biking-school-chamonix\/","title":{"rendered":"Chamonix Mountain Biking School"},"content":{"rendered":"<div class=\"fusion-fullwidth fullwidth-box fusion-builder-row-1 hundred-percent-fullwidth non-hundred-percent-height-scrolling\" style=\"--awb-border-radius-top-left:0px;--awb-border-radius-top-right:0px;--awb-border-radius-bottom-right:0px;--awb-border-radius-bottom-left:0px;--awb-overflow:visible;--awb-flex-wrap:wrap;\" ><div class=\"fusion-builder-row fusion-row\"><div class=\"fusion-layout-column fusion_builder_column fusion-builder-column-0 fusion_builder_column_2_3 2_3 fusion-two-third fusion-column-first\" style=\"--awb-bg-size:cover;width:65.3333%; margin-right: 4%;\"><div class=\"fusion-column-wrapper fusion-flex-column-wrapper-legacy\"><div class=\"fusion-title title fusion-title-1 fusion-sep-none fusion-title-text fusion-title-size-two\"><h2 class=\"fusion-title-heading title-heading-left\" style=\"margin:0;\">Chamonix Mountain Biking School<\/h2><\/div><div class=\"fusion-text fusion-text-1\"><p><strong>5 incredible locations for world class mountain biking in Chamonix Mont Blanc!<\/strong><\/p>\n<p>Our base camp is at an altitude of 1500m (4900ft) at the base of the Balme-Le Tour bike park. Peakpowder Guides is a mountain biking school that is set in the heart of the French Alps, a leader in guiding Enduro and DH in the Chamonix valley. Our exceptional location gives us a quick and easy access to all types of riding terrain. Within the Chamonix valley, mountain biking is mainly focused on Enduro et Downhill riding at 2 main bike parts: Balme-Le Tour &amp; Les Houches. On top of these 2 bike parts, one can use the following lifts to access more terrain: Br\u00e9vent, Fl\u00e9g\u00e8re and Lognan-Les Grands Montets. The valley offers a total of\u00a0 5 different locations in which we can ride fun and unique runs with amazing scenery in the background. There is even more riding potential when we add the fact that Peakpowder Guides crosses the borders into Switzerland and Italy. Technical and challenging runs, with more than 2300m (7500ft) vertical and 30km (18 miles) downhill await you! Beautiful larch &amp; pine forests, alpine single tracks and the Mont Blanc in the background&#8230;there is terrain for all types of riders, and all ability levels.<br \/>\nGuides are IFMGA mountain guides with a MTB qualification and all of them speak both French and English.<\/p>\n<\/div><div class=\"fusion-text fusion-text-2\"><h3>Mountain bike instruction and guiding for all ages and all rider profiles, starting from age 7 onwards, with no age limit!<\/h3>\n<p>As a mountain biking school, our goal is to offer quality, professional instruction.  We want to teach riders how to pilot their bikes in mountain terrain, to perfect their riding skills in the Enduro, All Mountain and DH disciplines, using terrain that is adapted to learning. The idea is to progress and master new skills&#8230;switchbacks, jumps, bike park, single tracks, freeride runs, off-piste trails and much more.<\/p>\n<p>It&#8217;s time to discover the joys of mountain biking in the Mont Blanc mountain range!<\/p>\n<h4>Minimum age: 7 years<\/h4>\n<h4>Private IFMGA guide rates for mountain biking instruction:<\/h4>\n<p>Full day (9h00-16h00)<\/p>\n<p><strong>480 EUR<\/strong> frome 1 to 4 participants<\/p>\n<h3>Mountain bikes, protections and lift passes are NOT INCLUDED in these rates.<\/h3>\n<\/div><div class=\"fusion-button-wrapper\"><a class=\"fusion-button button-flat fusion-button-default-size button-default fusion-button-default button-1 fusion-button-default-span fusion-button-default-type\" target=\"_self\" href=\"\/contact-inscriptions\/\"><i class=\"fa-play fas awb-button__icon awb-button__icon--default button-icon-left\" aria-hidden=\"true\"><\/i><span class=\"fusion-button-text awb-button__text awb-button__text--default\">Reserve your mountain bike instruction today! Contact Peakpowder Guides.<\/span><\/a><\/div><div class=\"fusion-clearfix\"><\/div><\/div><\/div><div class=\"fusion-layout-column fusion_builder_column fusion-builder-column-1 fusion_builder_column_1_3 1_3 fusion-one-third fusion-column-last\" style=\"--awb-bg-size:cover;width:30.6666%;\"><div class=\"fusion-column-wrapper fusion-flex-column-wrapper-legacy\"><div class=\"fusion-image-element in-legacy-container\" style=\"--awb-caption-title-font-family:var(--h2_typography-font-family);--awb-caption-title-font-weight:var(--h2_typography-font-weight);--awb-caption-title-font-style:var(--h2_typography-font-style);--awb-caption-title-size:var(--h2_typography-font-size);--awb-caption-title-transform:var(--h2_typography-text-transform);--awb-caption-title-line-height:var(--h2_typography-line-height);--awb-caption-title-letter-spacing:var(--h2_typography-letter-spacing);\"><span class=\" fusion-imageframe imageframe-dropshadow imageframe-1 hover-type-none\" style=\"border:10px solid #f6f6f6;-webkit-box-shadow: 3px 3px 7px rgba(0,0,0,0.3);box-shadow: 3px 3px 7px rgba(0,0,0,0.3);\"><img decoding=\"async\" width=\"1024\" height=\"682\" title=\"vtt_friedman\" src=\"https:\/\/peakpowder.com\/wp-content\/uploads\/2016\/10\/VTT_Friedman.jpg\" alt class=\"img-responsive wp-image-706\" srcset=\"https:\/\/peakpowder.com\/wp-content\/uploads\/2016\/10\/VTT_Friedman-200x133.jpg 200w, https:\/\/peakpowder.com\/wp-content\/uploads\/2016\/10\/VTT_Friedman-400x266.jpg 400w, https:\/\/peakpowder.com\/wp-content\/uploads\/2016\/10\/VTT_Friedman-600x400.jpg 600w, https:\/\/peakpowder.com\/wp-content\/uploads\/2016\/10\/VTT_Friedman-800x533.jpg 800w, https:\/\/peakpowder.com\/wp-content\/uploads\/2016\/10\/VTT_Friedman.jpg 1024w\" sizes=\"(max-width: 800px) 100vw, 400px\" \/><\/span><\/div><div class=\"fusion-image-element in-legacy-container\" style=\"--awb-caption-title-font-family:var(--h2_typography-font-family);--awb-caption-title-font-weight:var(--h2_typography-font-weight);--awb-caption-title-font-style:var(--h2_typography-font-style);--awb-caption-title-size:var(--h2_typography-font-size);--awb-caption-title-transform:var(--h2_typography-text-transform);--awb-caption-title-line-height:var(--h2_typography-line-height);--awb-caption-title-letter-spacing:var(--h2_typography-letter-spacing);\"><span class=\" fusion-imageframe imageframe-dropshadow imageframe-2 hover-type-none\" style=\"border:10px solid #f6f6f6;-webkit-box-shadow: 3px 3px 7px rgba(0,0,0,0.3);box-shadow: 3px 3px 7px rgba(0,0,0,0.3);\"><img decoding=\"async\" width=\"5568\" height=\"3712\" title=\"VTT Les Gaillands Chamonix\" src=\"https:\/\/peakpowder.com\/wp-content\/uploads\/2016\/10\/Fred_OT.jpg\" alt class=\"img-responsive wp-image-2276\" srcset=\"https:\/\/peakpowder.com\/wp-content\/uploads\/2016\/10\/Fred_OT-200x133.jpg 200w, https:\/\/peakpowder.com\/wp-content\/uploads\/2016\/10\/Fred_OT-400x267.jpg 400w, https:\/\/peakpowder.com\/wp-content\/uploads\/2016\/10\/Fred_OT-600x400.jpg 600w, https:\/\/peakpowder.com\/wp-content\/uploads\/2016\/10\/Fred_OT-800x533.jpg 800w, https:\/\/peakpowder.com\/wp-content\/uploads\/2016\/10\/Fred_OT-1200x800.jpg 1200w, https:\/\/peakpowder.com\/wp-content\/uploads\/2016\/10\/Fred_OT.jpg 5568w\" sizes=\"(max-width: 800px) 100vw, 400px\" \/><\/span><\/div><div class=\"fusion-image-element in-legacy-container\" style=\"--awb-caption-title-font-family:var(--h2_typography-font-family);--awb-caption-title-font-weight:var(--h2_typography-font-weight);--awb-caption-title-font-style:var(--h2_typography-font-style);--awb-caption-title-size:var(--h2_typography-font-size);--awb-caption-title-transform:var(--h2_typography-text-transform);--awb-caption-title-line-height:var(--h2_typography-line-height);--awb-caption-title-letter-spacing:var(--h2_typography-letter-spacing);\"><span class=\" fusion-imageframe imageframe-dropshadow imageframe-3 hover-type-none\" style=\"border:10px solid #f6f6f6;-webkit-box-shadow: 3px 3px 7px rgba(0,0,0,0.3);box-shadow: 3px 3px 7px rgba(0,0,0,0.3);\"><img decoding=\"async\" width=\"960\" height=\"960\" title=\"VTT Enduro_Balme\" src=\"https:\/\/peakpowder.com\/wp-content\/uploads\/2016\/10\/VTT-Enduro_Balme.jpg\" alt class=\"img-responsive wp-image-2275\" srcset=\"https:\/\/peakpowder.com\/wp-content\/uploads\/2016\/10\/VTT-Enduro_Balme-200x200.jpg 200w, https:\/\/peakpowder.com\/wp-content\/uploads\/2016\/10\/VTT-Enduro_Balme-400x400.jpg 400w, https:\/\/peakpowder.com\/wp-content\/uploads\/2016\/10\/VTT-Enduro_Balme-600x600.jpg 600w, https:\/\/peakpowder.com\/wp-content\/uploads\/2016\/10\/VTT-Enduro_Balme-800x800.jpg 800w, https:\/\/peakpowder.com\/wp-content\/uploads\/2016\/10\/VTT-Enduro_Balme.jpg 960w\" sizes=\"(max-width: 800px) 100vw, 400px\" \/><\/span><\/div><div class=\"fusion-clearfix\"><\/div><\/div><\/div><\/div><\/div>\n","protected":false},"excerpt":{"rendered":"","protected":false},"author":1,"featured_media":0,"parent":791,"menu_order":0,"comment_status":"closed","ping_status":"closed","template":"","meta":{"_crdt_document":"","footnotes":""},"class_list":["post-794","page","type-page","status-publish","hentry"],"aioseo_notices":[],"jetpack_shortlink":"https:\/\/wp.me\/PgzR1V-cO","_links":{"self":[{"href":"https:\/\/peakpowder.com\/en\/wp-json\/wp\/v2\/pages\/794","targetHints":{"allow":["GET"]}}],"collection":[{"href":"https:\/\/peakpowder.com\/en\/wp-json\/wp\/v2\/pages"}],"about":[{"href":"https:\/\/peakpowder.com\/en\/wp-json\/wp\/v2\/types\/page"}],"author":[{"embeddable":true,"href":"https:\/\/peakpowder.com\/en\/wp-json\/wp\/v2\/users\/1"}],"replies":[{"embeddable":true,"href":"https:\/\/peakpowder.com\/en\/wp-json\/wp\/v2\/comments?post=794"}],"version-history":[{"count":9,"href":"https:\/\/peakpowder.com\/en\/wp-json\/wp\/v2\/pages\/794\/revisions"}],"predecessor-version":[{"id":2353,"href":"https:\/\/peakpowder.com\/en\/wp-json\/wp\/v2\/pages\/794\/revisions\/2353"}],"up":[{"embeddable":true,"href":"https:\/\/peakpowder.com\/en\/wp-json\/wp\/v2\/pages\/791"}],"wp:attachment":[{"href":"https:\/\/peakpowder.com\/en\/wp-json\/wp\/v2\/media?parent=794"}],"curies":[{"name":"wp","href":"https:\/\/api.w.org\/{rel}","templated":true}]}}