{"id":832,"date":"2016-10-25T17:06:44","date_gmt":"2016-10-25T15:06:44","guid":{"rendered":"https:\/\/peakpowder.com\/en\/?page_id=832"},"modified":"2018-01-08T12:01:21","modified_gmt":"2018-01-08T11:01:21","slug":"big-wall-climbing","status":"publish","type":"page","link":"https:\/\/peakpowder.com\/en\/trips-expeditions\/big-wall-climbing\/","title":{"rendered":"big wall climbing"},"content":{"rendered":"<div class=\"fusion-fullwidth fullwidth-box fusion-builder-row-1 hundred-percent-fullwidth non-hundred-percent-height-scrolling\" style=\"--awb-border-radius-top-left:0px;--awb-border-radius-top-right:0px;--awb-border-radius-bottom-right:0px;--awb-border-radius-bottom-left:0px;--awb-overflow:visible;--awb-flex-wrap:wrap;\" ><div class=\"fusion-builder-row fusion-row\"><div class=\"fusion-layout-column fusion_builder_column fusion-builder-column-0 fusion_builder_column_2_3 2_3 fusion-two-third fusion-column-first\" style=\"--awb-bg-size:cover;width:65.3333%; margin-right: 4%;\"><div class=\"fusion-column-wrapper fusion-flex-column-wrapper-legacy\"><div class=\"fusion-text fusion-text-1\"><h2>Mt Assiniboine -3618m &amp; Mt Robson &#8211; 3954m, Canada<\/h2>\n<p>Situ\u00e9 dans les Rocheuses que l&#8217;on affectionne tant, le Mt. Assiniboine se trouve sur la fronti\u00e8re de l&#8217;Alberta et de la Colombie Britannique.<\/p>\n<p>C&#8217;est une pyramide parfaite au pays des indiens.<\/p>\n<p>Avec une rapidit\u00e9 d&#8217;acc\u00e8s et une altitude modeste, cette montagne peut se gravir lors d&#8217;un voyage de courte dur\u00e9e au Canada ou se coupler avec l&#8217;ascension et la descente \u00e0 ski du Mont Robson (3954m), \u00e0 faible distance g\u00e9ographique. <\/p>\n<\/div><div class=\"fusion-sep-clear\"><\/div><div class=\"fusion-separator fusion-has-icon separateur\" style=\"margin-left: auto;margin-right: auto;margin-top:20px;margin-bottom:20px;width:100%;max-width:1px;\"><div class=\"fusion-separator-border sep-shadow\" style=\"--awb-height:20px;--awb-amount:20px;--awb-sep-color:#075386;background:radial-gradient(ellipse at 50% -50% , #075386 0px, rgba(255, 255, 255, 0) 80%) repeat scroll 0 0 rgba(0, 0, 0, 0);background:-webkit-radial-gradient(ellipse at 50% -50% , #075386 0px, rgba(255, 255, 255, 0) 80%) repeat scroll 0 0 rgba(0, 0, 0, 0);background:-moz-radial-gradient(ellipse at 50% -50% , #075386 0px, rgba(255, 255, 255, 0) 80%) repeat scroll 0 0 rgba(0, 0, 0, 0);background:-o-radial-gradient(ellipse at 50% -50% , #075386 0px, rgba(255, 255, 255, 0) 80%) repeat scroll 0 0 rgba(0, 0, 0, 0);\"><\/div><span class=\"icon-wrapper\" style=\"border-color:#075386;background-color:rgba(255,255,255,0);font-size:14px;width: 1.75em; height: 1.75em;border-width:3px;padding:3px;\"><i class=\" fa fa-chevron-circle-down\" style=\"font-size: inherit;color:#075386;\" aria-hidden=\"true\"><\/i><\/span><div class=\"fusion-separator-border sep-shadow\" style=\"--awb-height:20px;--awb-amount:20px;--awb-sep-color:#075386;background:radial-gradient(ellipse at 50% -50% , #075386 0px, rgba(255, 255, 255, 0) 80%) repeat scroll 0 0 rgba(0, 0, 0, 0);background:-webkit-radial-gradient(ellipse at 50% -50% , #075386 0px, rgba(255, 255, 255, 0) 80%) repeat scroll 0 0 rgba(0, 0, 0, 0);background:-moz-radial-gradient(ellipse at 50% -50% , #075386 0px, rgba(255, 255, 255, 0) 80%) repeat scroll 0 0 rgba(0, 0, 0, 0);background:-o-radial-gradient(ellipse at 50% -50% , #075386 0px, rgba(255, 255, 255, 0) 80%) repeat scroll 0 0 rgba(0, 0, 0, 0);\"><\/div><\/div><div class=\"fusion-sep-clear\"><\/div><div class=\"fusion-title title fusion-title-1 fusion-title-text fusion-title-size-four infoPeak\" style=\"--awb-sep-color:#1e73be;\"><h4 class=\"fusion-title-heading title-heading-left\" style=\"margin:0;\">Cette zone offre un terrain id\u00e9al pour perfectionner ses techniques de ski de pente raide! Voyage de 10 jours.<\/h4><span class=\"awb-title-spacer\"><\/span><div class=\"title-sep-container\"><div class=\"title-sep sep-double sep-dotted\" style=\"border-color:#1e73be;\"><\/div><\/div><\/div><div class=\"fusion-clearfix\"><\/div><\/div><\/div><div class=\"fusion-layout-column fusion_builder_column fusion-builder-column-1 fusion_builder_column_1_3 1_3 fusion-one-third fusion-column-last\" style=\"--awb-bg-size:cover;width:30.6666%;\"><div class=\"fusion-column-wrapper fusion-flex-column-wrapper-legacy\"><div class=\"fusion-image-element in-legacy-container\" style=\"--awb-caption-title-font-family:var(--h2_typography-font-family);--awb-caption-title-font-weight:var(--h2_typography-font-weight);--awb-caption-title-font-style:var(--h2_typography-font-style);--awb-caption-title-size:var(--h2_typography-font-size);--awb-caption-title-transform:var(--h2_typography-text-transform);--awb-caption-title-line-height:var(--h2_typography-line-height);--awb-caption-title-letter-spacing:var(--h2_typography-letter-spacing);\"><span class=\" fusion-imageframe imageframe-dropshadow imageframe-1 hover-type-none\" style=\"border:10px solid #f6f6f6;-webkit-box-shadow: 3px 3px 7px rgba(0,0,0,0.3);box-shadow: 3px 3px 7px rgba(0,0,0,0.3);\"><img decoding=\"async\" width=\"500\" height=\"667\" title=\"mt-assiniboine\" src=\"https:\/\/peakpowder.com\/wp-content\/uploads\/2016\/10\/Mt-Assiniboine.jpg\" alt class=\"img-responsive wp-image-593\" srcset=\"https:\/\/peakpowder.com\/wp-content\/uploads\/2016\/10\/Mt-Assiniboine-200x267.jpg 200w, https:\/\/peakpowder.com\/wp-content\/uploads\/2016\/10\/Mt-Assiniboine-400x534.jpg 400w, https:\/\/peakpowder.com\/wp-content\/uploads\/2016\/10\/Mt-Assiniboine.jpg 500w\" sizes=\"(max-width: 800px) 100vw, 400px\" \/><\/span><\/div><div class=\"fusion-clearfix\"><\/div><\/div><\/div><\/div><\/div>\n","protected":false},"excerpt":{"rendered":"","protected":false},"author":1,"featured_media":0,"parent":827,"menu_order":0,"comment_status":"closed","ping_status":"closed","template":"","meta":{"_crdt_document":"","footnotes":""},"class_list":["post-832","page","type-page","status-publish","hentry"],"aioseo_notices":[],"jetpack_shortlink":"https:\/\/wp.me\/PgzR1V-dq","_links":{"self":[{"href":"https:\/\/peakpowder.com\/en\/wp-json\/wp\/v2\/pages\/832","targetHints":{"allow":["GET"]}}],"collection":[{"href":"https:\/\/peakpowder.com\/en\/wp-json\/wp\/v2\/pages"}],"about":[{"href":"https:\/\/peakpowder.com\/en\/wp-json\/wp\/v2\/types\/page"}],"author":[{"embeddable":true,"href":"https:\/\/peakpowder.com\/en\/wp-json\/wp\/v2\/users\/1"}],"replies":[{"embeddable":true,"href":"https:\/\/peakpowder.com\/en\/wp-json\/wp\/v2\/comments?post=832"}],"version-history":[{"count":2,"href":"https:\/\/peakpowder.com\/en\/wp-json\/wp\/v2\/pages\/832\/revisions"}],"predecessor-version":[{"id":1629,"href":"https:\/\/peakpowder.com\/en\/wp-json\/wp\/v2\/pages\/832\/revisions\/1629"}],"up":[{"embeddable":true,"href":"https:\/\/peakpowder.com\/en\/wp-json\/wp\/v2\/pages\/827"}],"wp:attachment":[{"href":"https:\/\/peakpowder.com\/en\/wp-json\/wp\/v2\/media?parent=832"}],"curies":[{"name":"wp","href":"https:\/\/api.w.org\/{rel}","templated":true}]}}