{"id":842,"date":"2016-10-25T17:12:39","date_gmt":"2016-10-25T15:12:39","guid":{"rendered":"https:\/\/peakpowder.com\/en\/?page_id=842"},"modified":"2018-01-08T12:01:20","modified_gmt":"2018-01-08T11:01:20","slug":"expeditions-steep-ski-canada","status":"publish","type":"page","link":"https:\/\/peakpowder.com\/en\/trips-expeditions\/expeditions-steep-ski-canada\/","title":{"rendered":"Expeditions steep ski Canada"},"content":{"rendered":"<div class=\"fusion-fullwidth fullwidth-box fusion-builder-row-1 hundred-percent-fullwidth non-hundred-percent-height-scrolling\" style=\"--awb-border-radius-top-left:0px;--awb-border-radius-top-right:0px;--awb-border-radius-bottom-right:0px;--awb-border-radius-bottom-left:0px;--awb-overflow:visible;--awb-flex-wrap:wrap;\" ><div class=\"fusion-builder-row fusion-row\"><div class=\"fusion-layout-column fusion_builder_column fusion-builder-column-0 fusion_builder_column_2_3 2_3 fusion-two-third fusion-column-first\" style=\"--awb-bg-size:cover;width:65.3333%; margin-right: 4%;\"><div class=\"fusion-column-wrapper fusion-flex-column-wrapper-legacy\"><div class=\"fusion-sep-clear\"><\/div><div class=\"fusion-separator fusion-full-width-sep\" style=\"margin-left: auto;margin-right: auto;margin-top:10px;margin-bottom:10px;width:100%;\"><\/div><div class=\"fusion-sep-clear\"><\/div><div class=\"fusion-text fusion-text-1\"><h2>Ski pente raide Mount Waddington, Canada 4016m<\/h2>\n<p>Un sommet sauvage, aux dimensions himalayennes, situ\u00e9 en Colombie Britannique dans le massif du Coast Range.<\/p>\n<p>Son ascension est l&#8217;une des plus s\u00e9rieuse de l&#8217;Am\u00e9rique du Nord. Son climat et ses temp\u00e9ratures sont similaire \u00e0 l&#8217;Arctique.<\/p>\n<p>C&#8217;est aussi le lieu de tournage du film de Jean-Jacques Annaud &#8220;Sept ans au Tibet&#8221;.<\/p>\n<p>Ce voyage est une aventure \u00e0 ski o\u00f9 la rusticit\u00e9 des participants est de rigueur. Un terrain de montagne \u00e0 couper le souffle vous attend!<\/p>\n<\/div><div class=\"fusion-title title fusion-title-1 fusion-title-text fusion-title-size-four infoPeak\" style=\"--awb-sep-color:#1e73be;\"><h4 class=\"fusion-title-heading title-heading-left\" style=\"margin:0;\">Ouvert aux skieurs Or de la fiche d&#8217;\u00e9valuation Peakpowder. Voyage de 12 jours sur place pendant la p\u00e9riode avril-mai. <a href=\"\/contact-inscriptions\/\">Contacter nous pour la fiche descriptive du voyage.<\/a><\/h4><span class=\"awb-title-spacer\"><\/span><div class=\"title-sep-container\"><div class=\"title-sep sep-double sep-dotted\" style=\"border-color:#1e73be;\"><\/div><\/div><\/div><div class=\"fusion-clearfix\"><\/div><\/div><\/div><div class=\"fusion-layout-column fusion_builder_column fusion-builder-column-1 fusion_builder_column_1_3 1_3 fusion-one-third fusion-column-last\" style=\"--awb-bg-size:cover;width:30.6666%;\"><div class=\"fusion-column-wrapper fusion-flex-column-wrapper-legacy\"><div class=\"fusion-image-element in-legacy-container\" style=\"--awb-caption-title-font-family:var(--h2_typography-font-family);--awb-caption-title-font-weight:var(--h2_typography-font-weight);--awb-caption-title-font-style:var(--h2_typography-font-style);--awb-caption-title-size:var(--h2_typography-font-size);--awb-caption-title-transform:var(--h2_typography-text-transform);--awb-caption-title-line-height:var(--h2_typography-line-height);--awb-caption-title-letter-spacing:var(--h2_typography-letter-spacing);\"><span class=\" fusion-imageframe imageframe-dropshadow imageframe-1 hover-type-none\" style=\"border:10px solid #f6f6f6;-webkit-box-shadow: 3px 3px 7px rgba(0,0,0,0.3);box-shadow: 3px 3px 7px rgba(0,0,0,0.3);\"><img decoding=\"async\" width=\"1024\" height=\"682\" title=\"f1000037\" src=\"https:\/\/peakpowder.com\/wp-content\/uploads\/2016\/10\/F1000037-1.jpg\" alt class=\"img-responsive wp-image-582\" srcset=\"https:\/\/peakpowder.com\/wp-content\/uploads\/2016\/10\/F1000037-1-200x133.jpg 200w, https:\/\/peakpowder.com\/wp-content\/uploads\/2016\/10\/F1000037-1-400x266.jpg 400w, https:\/\/peakpowder.com\/wp-content\/uploads\/2016\/10\/F1000037-1-600x400.jpg 600w, https:\/\/peakpowder.com\/wp-content\/uploads\/2016\/10\/F1000037-1-800x533.jpg 800w, https:\/\/peakpowder.com\/wp-content\/uploads\/2016\/10\/F1000037-1.jpg 1024w\" sizes=\"(max-width: 800px) 100vw, 400px\" \/><\/span><\/div><div class=\"fusion-image-element in-legacy-container\" style=\"--awb-caption-title-font-family:var(--h2_typography-font-family);--awb-caption-title-font-weight:var(--h2_typography-font-weight);--awb-caption-title-font-style:var(--h2_typography-font-style);--awb-caption-title-size:var(--h2_typography-font-size);--awb-caption-title-transform:var(--h2_typography-text-transform);--awb-caption-title-line-height:var(--h2_typography-line-height);--awb-caption-title-letter-spacing:var(--h2_typography-letter-spacing);\"><span class=\" fusion-imageframe imageframe-dropshadow imageframe-2 hover-type-none\" style=\"border:10px solid #f6f6f6;-webkit-box-shadow: 3px 3px 7px rgba(0,0,0,0.3);box-shadow: 3px 3px 7px rgba(0,0,0,0.3);\"><img decoding=\"async\" width=\"1024\" height=\"768\" title=\"p1010926\" src=\"https:\/\/peakpowder.com\/wp-content\/uploads\/2016\/10\/P1010926.jpg\" alt class=\"img-responsive wp-image-584\" srcset=\"https:\/\/peakpowder.com\/wp-content\/uploads\/2016\/10\/P1010926-200x150.jpg 200w, https:\/\/peakpowder.com\/wp-content\/uploads\/2016\/10\/P1010926-400x300.jpg 400w, https:\/\/peakpowder.com\/wp-content\/uploads\/2016\/10\/P1010926-600x450.jpg 600w, https:\/\/peakpowder.com\/wp-content\/uploads\/2016\/10\/P1010926-800x600.jpg 800w, https:\/\/peakpowder.com\/wp-content\/uploads\/2016\/10\/P1010926.jpg 1024w\" sizes=\"(max-width: 800px) 100vw, 400px\" \/><\/span><\/div><div class=\"fusion-image-element in-legacy-container\" style=\"--awb-caption-title-font-family:var(--h2_typography-font-family);--awb-caption-title-font-weight:var(--h2_typography-font-weight);--awb-caption-title-font-style:var(--h2_typography-font-style);--awb-caption-title-size:var(--h2_typography-font-size);--awb-caption-title-transform:var(--h2_typography-text-transform);--awb-caption-title-line-height:var(--h2_typography-line-height);--awb-caption-title-letter-spacing:var(--h2_typography-letter-spacing);\"><span class=\" fusion-imageframe imageframe-dropshadow imageframe-3 hover-type-none\" style=\"border:10px solid #f6f6f6;-webkit-box-shadow: 3px 3px 7px rgba(0,0,0,0.3);box-shadow: 3px 3px 7px rgba(0,0,0,0.3);\"><img decoding=\"async\" width=\"470\" height=\"315\" title=\"mt-waddington-from-north\" src=\"https:\/\/peakpowder.com\/wp-content\/uploads\/2016\/10\/Mt.Waddington-from-north.jpg\" alt class=\"img-responsive wp-image-586\" srcset=\"https:\/\/peakpowder.com\/wp-content\/uploads\/2016\/10\/Mt.Waddington-from-north-200x134.jpg 200w, https:\/\/peakpowder.com\/wp-content\/uploads\/2016\/10\/Mt.Waddington-from-north-400x268.jpg 400w, https:\/\/peakpowder.com\/wp-content\/uploads\/2016\/10\/Mt.Waddington-from-north.jpg 470w\" sizes=\"(max-width: 800px) 100vw, 400px\" \/><\/span><\/div><div class=\"fusion-clearfix\"><\/div><\/div><\/div><\/div><\/div>\n","protected":false},"excerpt":{"rendered":"","protected":false},"author":1,"featured_media":0,"parent":827,"menu_order":0,"comment_status":"closed","ping_status":"closed","template":"","meta":{"_crdt_document":"","footnotes":""},"class_list":["post-842","page","type-page","status-publish","hentry"],"aioseo_notices":[],"jetpack_shortlink":"https:\/\/wp.me\/PgzR1V-dA","_links":{"self":[{"href":"https:\/\/peakpowder.com\/en\/wp-json\/wp\/v2\/pages\/842","targetHints":{"allow":["GET"]}}],"collection":[{"href":"https:\/\/peakpowder.com\/en\/wp-json\/wp\/v2\/pages"}],"about":[{"href":"https:\/\/peakpowder.com\/en\/wp-json\/wp\/v2\/types\/page"}],"author":[{"embeddable":true,"href":"https:\/\/peakpowder.com\/en\/wp-json\/wp\/v2\/users\/1"}],"replies":[{"embeddable":true,"href":"https:\/\/peakpowder.com\/en\/wp-json\/wp\/v2\/comments?post=842"}],"version-history":[{"count":2,"href":"https:\/\/peakpowder.com\/en\/wp-json\/wp\/v2\/pages\/842\/revisions"}],"predecessor-version":[{"id":1624,"href":"https:\/\/peakpowder.com\/en\/wp-json\/wp\/v2\/pages\/842\/revisions\/1624"}],"up":[{"embeddable":true,"href":"https:\/\/peakpowder.com\/en\/wp-json\/wp\/v2\/pages\/827"}],"wp:attachment":[{"href":"https:\/\/peakpowder.com\/en\/wp-json\/wp\/v2\/media?parent=842"}],"curies":[{"name":"wp","href":"https:\/\/api.w.org\/{rel}","templated":true}]}}